{"id":9852,"date":"2024-01-17T11:47:24","date_gmt":"2024-01-17T11:47:24","guid":{"rendered":"https:\/\/www.grecotel.com\/marine-palace\/?page_id=9852"},"modified":"2025-09-24T13:52:53","modified_gmt":"2025-09-24T13:52:53","slug":"sustainability","status":"publish","type":"page","link":"https:\/\/www.grecotel.com\/marine-palace\/de\/sustainability\/","title":{"rendered":"NACHHALTIGKEIT"},"content":{"rendered":"\n<p class=\"has-text-align-center\">Das Grecotel Marine Palace ist sich bewusst, dass eine nachhaltige Tourismusentwicklung unerl\u00e4sslich f\u00fcr den Schutz der Umwelt ist. Deshalb setzt das Resort auf diverse Umweltschutzma\u00dfnahmen, um seine Umweltauswirkungen zu steuern und zu minimieren. Im Zuge dieser Umweltschutzma\u00dfnahmen hat das Hotel s\u00e4mtliche Umweltaspekte seines Betriebs analysiert und Richtlinien und Programme ins Leben gerufen, die seine Umweltleistung und -auswirkung stetig verbessern sollen.<br><br><br><\/p>\n\n\n<style type=\"text\/css\">\nli.rest-option.nohov:hover {\n    background: unset;\n    color: unset;\n}\n<\/style>\n    <div class=\"restaurant-options\">\n        <div class=\"wrapper sm\">\n            <ul class=\"flex\">\n                                        <li class=\"rest-option \" style=\"color:;\">\n                             <a href=\"https:\/\/www.grecotel.com\/marine-palace\/wp-content\/uploads\/sites\/17\/2025\/09\/marine-palace-and-aqua-park-sustainability-report-2024.pdf\" target=\"_blank\" rel=\"noreferrer noopener\" style=\"border-color: ;\"> BERICHT <\/a>                             <\/a>\n                        <\/li>\n                                                <li class=\"rest-option \" style=\"color:;\">\n                             <a href=\"https:\/\/www.grecotel.com\/marine-palace\/wp-content\/uploads\/sites\/17\/2024\/05\/marine-palace-sustainability-policies-en-2023.pdf\" target=\"_blank\" rel=\"noreferrer noopener\" style=\"border-color: ;\"> RICHTLINIEN <\/a>                             <\/a>\n                        <\/li>\n                                    <\/ul>\n        <\/div>\n    <\/div>\n    ","protected":false},"excerpt":{"rendered":"<p>Das Grecotel Marine Palace ist sich bewusst, dass eine nachhaltige Tourismusentwicklung unerl\u00e4sslich f\u00fcr den Schutz der Umwelt ist. Deshalb setzt das Resort auf diverse Umweltschutzma\u00dfnahmen, um seine Umweltauswirkungen zu steuern und zu minimieren. Im Zuge dieser Umweltschutzma\u00dfnahmen hat das Hotel s\u00e4mtliche Umweltaspekte seines Betriebs analysiert und Richtlinien und Programme ins Leben gerufen, die seine Umweltleistung [&hellip;]<\/p>\n","protected":false},"author":10,"featured_media":12115,"parent":0,"menu_order":0,"comment_status":"closed","ping_status":"closed","template":"page-landing.php","meta":{"_acf_changed":false,"footnotes":""},"acf":[],"yoast_head":"<!-- This site is optimized with the Yoast SEO plugin v21.6 - https:\/\/yoast.com\/wordpress\/plugins\/seo\/ -->\n<title>Nachhaltigkeit | Marine Palace Resort auf Kreta<\/title>\n<meta name=\"description\" content=\"Das Resort setzt auf diverse Umweltschutzma\u00dfnahmen, um seine Umweltauswirkungen zu steuern und zu minimieren.\" \/>\n<meta name=\"robots\" content=\"index, follow, max-snippet:-1, max-image-preview:large, max-video-preview:-1\" \/>\n<link rel=\"canonical\" href=\"https:\/\/www.grecotel.com\/marine-palace\/de\/sustainability\/\" \/>\n<meta property=\"og:locale\" content=\"en_US\" \/>\n<meta property=\"og:type\" content=\"article\" \/>\n<meta property=\"og:title\" content=\"Nachhaltigkeit | Marine Palace Resort auf Kreta\" \/>\n<meta property=\"og:description\" content=\"Das Resort setzt auf diverse Umweltschutzma\u00dfnahmen, um seine Umweltauswirkungen zu steuern und zu minimieren.\" \/>\n<meta property=\"og:url\" content=\"https:\/\/www.grecotel.com\/marine-palace\/de\/sustainability\/\" \/>\n<meta property=\"og:site_name\" content=\"Marine Palace\" \/>\n<meta property=\"article:modified_time\" content=\"2025-09-24T13:52:53+00:00\" \/>\n<meta property=\"og:image\" content=\"https:\/\/www.grecotel.com\/marine-palace\/wp-content\/uploads\/sites\/17\/2024\/05\/01-marine-palace-aqua-park-grecotel-crete-1024x576.jpg\" \/>\n\t<meta property=\"og:image:width\" content=\"1024\" \/>\n\t<meta property=\"og:image:height\" content=\"576\" \/>\n\t<meta property=\"og:image:type\" content=\"image\/jpeg\" \/>\n<meta name=\"twitter:card\" content=\"summary_large_image\" \/>\n<meta name=\"twitter:label1\" content=\"Est. reading time\" \/>\n\t<meta name=\"twitter:data1\" content=\"1 minute\" \/>\n<script type=\"application\/ld+json\" class=\"yoast-schema-graph\">{\"@context\":\"https:\/\/schema.org\",\"@graph\":[{\"@type\":\"WebPage\",\"@id\":\"https:\/\/www.grecotel.com\/marine-palace\/de\/sustainability\/\",\"url\":\"https:\/\/www.grecotel.com\/marine-palace\/de\/sustainability\/\",\"name\":\"Nachhaltigkeit | Marine Palace Resort auf Kreta\",\"isPartOf\":{\"@id\":\"https:\/\/www.grecotel.com\/marine-palace\/#website\"},\"datePublished\":\"2024-01-17T11:47:24+00:00\",\"dateModified\":\"2025-09-24T13:52:53+00:00\",\"description\":\"Das Resort setzt auf diverse Umweltschutzma\u00dfnahmen, um seine Umweltauswirkungen zu steuern und zu minimieren.\",\"breadcrumb\":{\"@id\":\"https:\/\/www.grecotel.com\/marine-palace\/de\/sustainability\/#breadcrumb\"},\"inLanguage\":\"en-US\",\"potentialAction\":[{\"@type\":\"ReadAction\",\"target\":[\"https:\/\/www.grecotel.com\/marine-palace\/de\/sustainability\/\"]}]},{\"@type\":\"BreadcrumbList\",\"@id\":\"https:\/\/www.grecotel.com\/marine-palace\/de\/sustainability\/#breadcrumb\",\"itemListElement\":[{\"@type\":\"ListItem\",\"position\":1,\"name\":\"Home\",\"item\":\"https:\/\/www.grecotel.com\/marine-palace\/\"},{\"@type\":\"ListItem\",\"position\":2,\"name\":\"NACHHALTIGKEIT\"}]},{\"@type\":\"WebSite\",\"@id\":\"https:\/\/www.grecotel.com\/marine-palace\/#website\",\"url\":\"https:\/\/www.grecotel.com\/marine-palace\/\",\"name\":\"Marine Palace\",\"description\":\"\",\"potentialAction\":[{\"@type\":\"SearchAction\",\"target\":{\"@type\":\"EntryPoint\",\"urlTemplate\":\"https:\/\/www.grecotel.com\/marine-palace\/?s={search_term_string}\"},\"query-input\":\"required name=search_term_string\"}],\"inLanguage\":\"en-US\"}]}<\/script>\n<!-- \/ Yoast SEO plugin. -->","yoast_head_json":{"title":"Nachhaltigkeit | Marine Palace Resort auf Kreta","description":"Das Resort setzt auf diverse Umweltschutzma\u00dfnahmen, um seine Umweltauswirkungen zu steuern und zu minimieren.","robots":{"index":"index","follow":"follow","max-snippet":"max-snippet:-1","max-image-preview":"max-image-preview:large","max-video-preview":"max-video-preview:-1"},"canonical":"https:\/\/www.grecotel.com\/marine-palace\/de\/sustainability\/","og_locale":"en_US","og_type":"article","og_title":"Nachhaltigkeit | Marine Palace Resort auf Kreta","og_description":"Das Resort setzt auf diverse Umweltschutzma\u00dfnahmen, um seine Umweltauswirkungen zu steuern und zu minimieren.","og_url":"https:\/\/www.grecotel.com\/marine-palace\/de\/sustainability\/","og_site_name":"Marine Palace","article_modified_time":"2025-09-24T13:52:53+00:00","og_image":[{"width":1024,"height":576,"url":"https:\/\/www.grecotel.com\/marine-palace\/wp-content\/uploads\/sites\/17\/2024\/05\/01-marine-palace-aqua-park-grecotel-crete-1024x576.jpg","type":"image\/jpeg"}],"twitter_card":"summary_large_image","twitter_misc":{"Est. reading time":"1 minute"},"schema":{"@context":"https:\/\/schema.org","@graph":[{"@type":"WebPage","@id":"https:\/\/www.grecotel.com\/marine-palace\/de\/sustainability\/","url":"https:\/\/www.grecotel.com\/marine-palace\/de\/sustainability\/","name":"Nachhaltigkeit | Marine Palace Resort auf Kreta","isPartOf":{"@id":"https:\/\/www.grecotel.com\/marine-palace\/#website"},"datePublished":"2024-01-17T11:47:24+00:00","dateModified":"2025-09-24T13:52:53+00:00","description":"Das Resort setzt auf diverse Umweltschutzma\u00dfnahmen, um seine Umweltauswirkungen zu steuern und zu minimieren.","breadcrumb":{"@id":"https:\/\/www.grecotel.com\/marine-palace\/de\/sustainability\/#breadcrumb"},"inLanguage":"en-US","potentialAction":[{"@type":"ReadAction","target":["https:\/\/www.grecotel.com\/marine-palace\/de\/sustainability\/"]}]},{"@type":"BreadcrumbList","@id":"https:\/\/www.grecotel.com\/marine-palace\/de\/sustainability\/#breadcrumb","itemListElement":[{"@type":"ListItem","position":1,"name":"Home","item":"https:\/\/www.grecotel.com\/marine-palace\/"},{"@type":"ListItem","position":2,"name":"NACHHALTIGKEIT"}]},{"@type":"WebSite","@id":"https:\/\/www.grecotel.com\/marine-palace\/#website","url":"https:\/\/www.grecotel.com\/marine-palace\/","name":"Marine Palace","description":"","potentialAction":[{"@type":"SearchAction","target":{"@type":"EntryPoint","urlTemplate":"https:\/\/www.grecotel.com\/marine-palace\/?s={search_term_string}"},"query-input":"required name=search_term_string"}],"inLanguage":"en-US"}]}},"lang":"de","translations":{"de":9852,"en":8543},"pll_sync_post":[],"_links":{"self":[{"href":"https:\/\/www.grecotel.com\/marine-palace\/wp-json\/wp\/v2\/pages\/9852"}],"collection":[{"href":"https:\/\/www.grecotel.com\/marine-palace\/wp-json\/wp\/v2\/pages"}],"about":[{"href":"https:\/\/www.grecotel.com\/marine-palace\/wp-json\/wp\/v2\/types\/page"}],"author":[{"embeddable":true,"href":"https:\/\/www.grecotel.com\/marine-palace\/wp-json\/wp\/v2\/users\/10"}],"replies":[{"embeddable":true,"href":"https:\/\/www.grecotel.com\/marine-palace\/wp-json\/wp\/v2\/comments?post=9852"}],"version-history":[{"count":11,"href":"https:\/\/www.grecotel.com\/marine-palace\/wp-json\/wp\/v2\/pages\/9852\/revisions"}],"predecessor-version":[{"id":15364,"href":"https:\/\/www.grecotel.com\/marine-palace\/wp-json\/wp\/v2\/pages\/9852\/revisions\/15364"}],"wp:featuredmedia":[{"embeddable":true,"href":"https:\/\/www.grecotel.com\/marine-palace\/wp-json\/wp\/v2\/media\/12115"}],"wp:attachment":[{"href":"https:\/\/www.grecotel.com\/marine-palace\/wp-json\/wp\/v2\/media?parent=9852"}],"curies":[{"name":"wp","href":"https:\/\/api.w.org\/{rel}","templated":true}]}}