{"id":8979,"date":"2023-12-22T08:33:43","date_gmt":"2023-12-22T08:33:43","guid":{"rendered":"https:\/\/www.grecotel.com\/marine-palace\/?page_id=8979"},"modified":"2024-06-17T13:49:23","modified_gmt":"2024-06-17T13:49:23","slug":"contact","status":"publish","type":"page","link":"https:\/\/www.grecotel.com\/marine-palace\/de\/contact\/","title":{"rendered":"LAGE &amp; KONTAKT"},"content":{"rendered":"\n<h3 class=\"wp-block-heading hero-info-title strong\">LAGE<\/h3>\n\n\n\n<p>Der Marine Palace &amp; Aqua Park in Rethymnon auf Kreta ist einem griechischen K\u00fcstendorf nachempfunden, mit unterschiedlichen Vierteln und Kr\u00e4uterblumeng\u00e4rten.<\/p>\n\n\n\n<div style=\"height:20px\" aria-hidden=\"true\" class=\"wp-block-spacer\"><\/div>\n\n\n\n<div style=\"height:20px\" aria-hidden=\"true\" class=\"wp-block-spacer\"><\/div>\n\n\n        <address>Panormo-Rethymno P.O. BOX 106,<\/address>\n        \n\n            <a href=\"tel:+30 28340 51610\">Tel. : +30 28340 51610<\/a>\n        \n\n            <a href=\"mailto:reservations.mp@grecotel.com\">Email: reservations.mp@grecotel.com<\/a>\n        \n\n<span class=\"single-span\" style='text-align: center'>59 km vom internationalen Flughafen Heraklion entfernt<\/span>\n\n<span class=\"single-span\" style='text-align: center'>86 km vom Flughafen Chania<\/span>\n\n<span class=\"single-span\" style='text-align: center'>25 km nach Rethymnon Stadt<\/span>","protected":false},"excerpt":{"rendered":"<p>LAGE Der Marine Palace &amp; Aqua Park in Rethymnon auf Kreta ist einem griechischen K\u00fcstendorf nachempfunden, mit unterschiedlichen Vierteln und Kr\u00e4uterblumeng\u00e4rten.<\/p>\n","protected":false},"author":10,"featured_media":0,"parent":0,"menu_order":0,"comment_status":"closed","ping_status":"closed","template":"contact.php","meta":{"_acf_changed":false,"footnotes":""},"acf":[],"yoast_head":"<!-- This site is optimized with the Yoast SEO plugin v21.6 - https:\/\/yoast.com\/wordpress\/plugins\/seo\/ -->\n<title>Kontakt | Marine Palace Resort, Kreta<\/title>\n<meta name=\"description\" content=\"Das Marine Palace gleicht einem K\u00fcstendorf mit diversen Vierteln und Kr\u00e4uterg\u00e4rten. F\u00fcr weitere Informationen oder Reservierungen kontaktieren Sie uns direkt.\" \/>\n<meta name=\"robots\" content=\"index, follow, max-snippet:-1, max-image-preview:large, max-video-preview:-1\" \/>\n<link rel=\"canonical\" href=\"https:\/\/www.grecotel.com\/marine-palace\/de\/contact\/\" \/>\n<meta property=\"og:locale\" content=\"en_US\" \/>\n<meta property=\"og:type\" content=\"article\" \/>\n<meta property=\"og:title\" content=\"Kontakt | Marine Palace Resort, Kreta\" \/>\n<meta property=\"og:description\" content=\"Das Marine Palace gleicht einem K\u00fcstendorf mit diversen Vierteln und Kr\u00e4uterg\u00e4rten. F\u00fcr weitere Informationen oder Reservierungen kontaktieren Sie uns direkt.\" \/>\n<meta property=\"og:url\" content=\"https:\/\/www.grecotel.com\/marine-palace\/de\/contact\/\" \/>\n<meta property=\"og:site_name\" content=\"Marine Palace\" \/>\n<meta property=\"article:modified_time\" content=\"2024-06-17T13:49:23+00:00\" \/>\n<meta name=\"twitter:card\" content=\"summary_large_image\" \/>\n<meta name=\"twitter:label1\" content=\"Est. reading time\" \/>\n\t<meta name=\"twitter:data1\" content=\"1 minute\" \/>\n<script type=\"application\/ld+json\" class=\"yoast-schema-graph\">{\"@context\":\"https:\/\/schema.org\",\"@graph\":[{\"@type\":\"WebPage\",\"@id\":\"https:\/\/www.grecotel.com\/marine-palace\/de\/contact\/\",\"url\":\"https:\/\/www.grecotel.com\/marine-palace\/de\/contact\/\",\"name\":\"Kontakt | Marine Palace Resort, Kreta\",\"isPartOf\":{\"@id\":\"https:\/\/www.grecotel.com\/marine-palace\/#website\"},\"datePublished\":\"2023-12-22T08:33:43+00:00\",\"dateModified\":\"2024-06-17T13:49:23+00:00\",\"description\":\"Das Marine Palace gleicht einem K\u00fcstendorf mit diversen Vierteln und Kr\u00e4uterg\u00e4rten. F\u00fcr weitere Informationen oder Reservierungen kontaktieren Sie uns direkt.\",\"breadcrumb\":{\"@id\":\"https:\/\/www.grecotel.com\/marine-palace\/de\/contact\/#breadcrumb\"},\"inLanguage\":\"en-US\",\"potentialAction\":[{\"@type\":\"ReadAction\",\"target\":[\"https:\/\/www.grecotel.com\/marine-palace\/de\/contact\/\"]}]},{\"@type\":\"BreadcrumbList\",\"@id\":\"https:\/\/www.grecotel.com\/marine-palace\/de\/contact\/#breadcrumb\",\"itemListElement\":[{\"@type\":\"ListItem\",\"position\":1,\"name\":\"Home\",\"item\":\"https:\/\/www.grecotel.com\/marine-palace\/\"},{\"@type\":\"ListItem\",\"position\":2,\"name\":\"LAGE &amp; KONTAKT\"}]},{\"@type\":\"WebSite\",\"@id\":\"https:\/\/www.grecotel.com\/marine-palace\/#website\",\"url\":\"https:\/\/www.grecotel.com\/marine-palace\/\",\"name\":\"Marine Palace\",\"description\":\"\",\"potentialAction\":[{\"@type\":\"SearchAction\",\"target\":{\"@type\":\"EntryPoint\",\"urlTemplate\":\"https:\/\/www.grecotel.com\/marine-palace\/?s={search_term_string}\"},\"query-input\":\"required name=search_term_string\"}],\"inLanguage\":\"en-US\"}]}<\/script>\n<!-- \/ Yoast SEO plugin. -->","yoast_head_json":{"title":"Kontakt | Marine Palace Resort, Kreta","description":"Das Marine Palace gleicht einem K\u00fcstendorf mit diversen Vierteln und Kr\u00e4uterg\u00e4rten. F\u00fcr weitere Informationen oder Reservierungen kontaktieren Sie uns direkt.","robots":{"index":"index","follow":"follow","max-snippet":"max-snippet:-1","max-image-preview":"max-image-preview:large","max-video-preview":"max-video-preview:-1"},"canonical":"https:\/\/www.grecotel.com\/marine-palace\/de\/contact\/","og_locale":"en_US","og_type":"article","og_title":"Kontakt | Marine Palace Resort, Kreta","og_description":"Das Marine Palace gleicht einem K\u00fcstendorf mit diversen Vierteln und Kr\u00e4uterg\u00e4rten. F\u00fcr weitere Informationen oder Reservierungen kontaktieren Sie uns direkt.","og_url":"https:\/\/www.grecotel.com\/marine-palace\/de\/contact\/","og_site_name":"Marine Palace","article_modified_time":"2024-06-17T13:49:23+00:00","twitter_card":"summary_large_image","twitter_misc":{"Est. reading time":"1 minute"},"schema":{"@context":"https:\/\/schema.org","@graph":[{"@type":"WebPage","@id":"https:\/\/www.grecotel.com\/marine-palace\/de\/contact\/","url":"https:\/\/www.grecotel.com\/marine-palace\/de\/contact\/","name":"Kontakt | Marine Palace Resort, Kreta","isPartOf":{"@id":"https:\/\/www.grecotel.com\/marine-palace\/#website"},"datePublished":"2023-12-22T08:33:43+00:00","dateModified":"2024-06-17T13:49:23+00:00","description":"Das Marine Palace gleicht einem K\u00fcstendorf mit diversen Vierteln und Kr\u00e4uterg\u00e4rten. F\u00fcr weitere Informationen oder Reservierungen kontaktieren Sie uns direkt.","breadcrumb":{"@id":"https:\/\/www.grecotel.com\/marine-palace\/de\/contact\/#breadcrumb"},"inLanguage":"en-US","potentialAction":[{"@type":"ReadAction","target":["https:\/\/www.grecotel.com\/marine-palace\/de\/contact\/"]}]},{"@type":"BreadcrumbList","@id":"https:\/\/www.grecotel.com\/marine-palace\/de\/contact\/#breadcrumb","itemListElement":[{"@type":"ListItem","position":1,"name":"Home","item":"https:\/\/www.grecotel.com\/marine-palace\/"},{"@type":"ListItem","position":2,"name":"LAGE &amp; KONTAKT"}]},{"@type":"WebSite","@id":"https:\/\/www.grecotel.com\/marine-palace\/#website","url":"https:\/\/www.grecotel.com\/marine-palace\/","name":"Marine Palace","description":"","potentialAction":[{"@type":"SearchAction","target":{"@type":"EntryPoint","urlTemplate":"https:\/\/www.grecotel.com\/marine-palace\/?s={search_term_string}"},"query-input":"required name=search_term_string"}],"inLanguage":"en-US"}]}},"lang":"de","translations":{"de":8979,"en":2083},"pll_sync_post":[],"_links":{"self":[{"href":"https:\/\/www.grecotel.com\/marine-palace\/wp-json\/wp\/v2\/pages\/8979"}],"collection":[{"href":"https:\/\/www.grecotel.com\/marine-palace\/wp-json\/wp\/v2\/pages"}],"about":[{"href":"https:\/\/www.grecotel.com\/marine-palace\/wp-json\/wp\/v2\/types\/page"}],"author":[{"embeddable":true,"href":"https:\/\/www.grecotel.com\/marine-palace\/wp-json\/wp\/v2\/users\/10"}],"replies":[{"embeddable":true,"href":"https:\/\/www.grecotel.com\/marine-palace\/wp-json\/wp\/v2\/comments?post=8979"}],"version-history":[{"count":11,"href":"https:\/\/www.grecotel.com\/marine-palace\/wp-json\/wp\/v2\/pages\/8979\/revisions"}],"predecessor-version":[{"id":13041,"href":"https:\/\/www.grecotel.com\/marine-palace\/wp-json\/wp\/v2\/pages\/8979\/revisions\/13041"}],"wp:attachment":[{"href":"https:\/\/www.grecotel.com\/marine-palace\/wp-json\/wp\/v2\/media?parent=8979"}],"curies":[{"name":"wp","href":"https:\/\/api.w.org\/{rel}","templated":true}]}}