{"id":11240,"date":"2024-06-10T10:30:08","date_gmt":"2024-06-10T10:30:08","guid":{"rendered":"https:\/\/www.grecotel.com\/luxme-whitepalace\/?page_id=11240"},"modified":"2025-10-02T15:52:43","modified_gmt":"2025-10-02T12:52:43","slug":"sustainability","status":"publish","type":"page","link":"https:\/\/www.grecotel.com\/luxme-whitepalace\/sustainability\/","title":{"rendered":"D\u00c9VELOPPEMENT DURABLE"},"content":{"rendered":"\n<p class=\"has-text-align-center\">Le Grecotel White Palace reconna\u00eet l\u2019importance que la protection de l\u2019environnement joue dans le d\u00e9veloppement durable du tourisme. Par cons\u00e9quent, le resort met en place des proc\u00e9dures relatives au syst\u00e8me de gestion de l\u2019environnement, afin de r\u00e9duire, de minimiser et de g\u00e9rer son impact environnemental. En d\u00e9veloppant des proc\u00e9dures de gestion environnementale, l\u2019h\u00f4tel d\u00e9finit l\u2019ensemble des aspects environnementaux de ses op\u00e9rations et \u00e9labore des politiques et programmes visant \u00e0 am\u00e9liorer dans le temps ses performances et r\u00e9sultats en mati\u00e8re d\u2019environnement.<\/p>\n\n\n\n<p class=\"has-text-align-center\"><br><br><br><\/p>\n\n\n<style type=\"text\/css\">\nli.rest-option.nohov:hover {\n    background: unset;\n    color: unset;\n}\n<\/style>\n    <div class=\"restaurant-options\">\n        <div class=\"wrapper sm\">\n            <ul class=\"flex\">\n                                        <li class=\"rest-option \" style=\"color:;\">\n                             <a href=\"https:\/\/www.grecotel.com\/luxme-whitepalace\/wp-content\/uploads\/sites\/6\/2025\/10\/luxme-white-sustainability-report.pdf\" target=\"_blank\" rel=\"noreferrer noopener\" style=\"border-color: ;\"> RAPPORT <\/a>                             <\/a>\n                        <\/li>\n                                                <li class=\"rest-option \" style=\"color:;\">\n                             <a href=\"https:\/\/www.grecotel.com\/luxme-whitepalace\/wp-content\/uploads\/sites\/6\/2024\/07\/grecotel-luxme-white-palace-sustainability-policies-2024_en.pdf\" target=\"_blank\" rel=\"noreferrer noopener\" style=\"border-color: ;\"> POLITIQUES <\/a>                             <\/a>\n                        <\/li>\n                                    <\/ul>\n        <\/div>\n    <\/div>\n    ","protected":false},"excerpt":{"rendered":"<p>Le Grecotel White Palace reconna\u00eet l\u2019importance que la protection de l\u2019environnement joue dans le d\u00e9veloppement durable du tourisme. Par cons\u00e9quent, le resort met en place des proc\u00e9dures relatives au syst\u00e8me de gestion de l\u2019environnement, afin de r\u00e9duire, de minimiser et de g\u00e9rer son impact environnemental. En d\u00e9veloppant des proc\u00e9dures de gestion environnementale, l\u2019h\u00f4tel d\u00e9finit l\u2019ensemble [&hellip;]<\/p>\n","protected":false},"author":12,"featured_media":7520,"parent":0,"menu_order":0,"comment_status":"closed","ping_status":"closed","template":"page-landing.php","meta":{"_acf_changed":false,"footnotes":""},"acf":[],"yoast_head":"<!-- This site is optimized with the Yoast SEO plugin v21.6 - https:\/\/yoast.com\/wordpress\/plugins\/seo\/ -->\n<title>D\u00e9veloppement Durable | LUXME White, Cr\u00e8te<\/title>\n<meta name=\"description\" content=\"Le resort met en place des proc\u00e9dures relatives au lyst\u00e8me de gestion de l\u2019environnement, afin de r\u00e9duire, de minimiser et de g\u00e9rer son impact environnemental.\" \/>\n<meta name=\"robots\" content=\"index, follow, max-snippet:-1, max-image-preview:large, max-video-preview:-1\" \/>\n<link rel=\"canonical\" href=\"https:\/\/www.grecotel.com\/luxme-whitepalace\/sustainability\/\" \/>\n<meta property=\"og:locale\" content=\"en_US\" \/>\n<meta property=\"og:type\" content=\"article\" \/>\n<meta property=\"og:title\" content=\"D\u00e9veloppement Durable | LUXME White, Cr\u00e8te\" \/>\n<meta property=\"og:description\" content=\"Le resort met en place des proc\u00e9dures relatives au lyst\u00e8me de gestion de l\u2019environnement, afin de r\u00e9duire, de minimiser et de g\u00e9rer son impact environnemental.\" \/>\n<meta property=\"og:url\" content=\"https:\/\/www.grecotel.com\/luxme-whitepalace\/sustainability\/\" \/>\n<meta property=\"og:site_name\" content=\"White Palace\" \/>\n<meta property=\"article:modified_time\" content=\"2025-10-02T12:52:43+00:00\" \/>\n<meta property=\"og:image\" content=\"https:\/\/www.grecotel.com\/luxme-whitepalace\/wp-content\/uploads\/sites\/6\/2023\/10\/grecotel-white-palace-luxury-beach-resort-crete-greece.jpg\" \/>\n\t<meta property=\"og:image:width\" content=\"3500\" \/>\n\t<meta property=\"og:image:height\" content=\"1968\" \/>\n\t<meta property=\"og:image:type\" content=\"image\/jpeg\" \/>\n<meta name=\"twitter:card\" content=\"summary_large_image\" \/>\n<meta name=\"twitter:label1\" content=\"Est. reading time\" \/>\n\t<meta name=\"twitter:data1\" content=\"1 minute\" \/>\n<script type=\"application\/ld+json\" class=\"yoast-schema-graph\">{\"@context\":\"https:\/\/schema.org\",\"@graph\":[{\"@type\":\"WebPage\",\"@id\":\"https:\/\/www.grecotel.com\/luxme-whitepalace\/sustainability\/\",\"url\":\"https:\/\/www.grecotel.com\/luxme-whitepalace\/sustainability\/\",\"name\":\"D\u00e9veloppement Durable | LUXME White, Cr\u00e8te\",\"isPartOf\":{\"@id\":\"https:\/\/www.grecotel.com\/luxme-whitepalace\/#website\"},\"datePublished\":\"2024-06-10T10:30:08+00:00\",\"dateModified\":\"2025-10-02T12:52:43+00:00\",\"description\":\"Le resort met en place des proc\u00e9dures relatives au lyst\u00e8me de gestion de l\u2019environnement, afin de r\u00e9duire, de minimiser et de g\u00e9rer son impact environnemental.\",\"breadcrumb\":{\"@id\":\"https:\/\/www.grecotel.com\/luxme-whitepalace\/sustainability\/#breadcrumb\"},\"inLanguage\":\"en-US\",\"potentialAction\":[{\"@type\":\"ReadAction\",\"target\":[\"https:\/\/www.grecotel.com\/luxme-whitepalace\/sustainability\/\"]}]},{\"@type\":\"BreadcrumbList\",\"@id\":\"https:\/\/www.grecotel.com\/luxme-whitepalace\/sustainability\/#breadcrumb\",\"itemListElement\":[{\"@type\":\"ListItem\",\"position\":1,\"name\":\"Home\",\"item\":\"https:\/\/www.grecotel.com\/luxme-whitepalace\/\"},{\"@type\":\"ListItem\",\"position\":2,\"name\":\"D\u00c9VELOPPEMENT DURABLE\"}]},{\"@type\":\"WebSite\",\"@id\":\"https:\/\/www.grecotel.com\/luxme-whitepalace\/#website\",\"url\":\"https:\/\/www.grecotel.com\/luxme-whitepalace\/\",\"name\":\"White Palace\",\"description\":\"\",\"potentialAction\":[{\"@type\":\"SearchAction\",\"target\":{\"@type\":\"EntryPoint\",\"urlTemplate\":\"https:\/\/www.grecotel.com\/luxme-whitepalace\/?s={search_term_string}\"},\"query-input\":\"required name=search_term_string\"}],\"inLanguage\":\"en-US\"}]}<\/script>\n<!-- \/ Yoast SEO plugin. -->","yoast_head_json":{"title":"D\u00e9veloppement Durable | LUXME White, Cr\u00e8te","description":"Le resort met en place des proc\u00e9dures relatives au lyst\u00e8me de gestion de l\u2019environnement, afin de r\u00e9duire, de minimiser et de g\u00e9rer son impact environnemental.","robots":{"index":"index","follow":"follow","max-snippet":"max-snippet:-1","max-image-preview":"max-image-preview:large","max-video-preview":"max-video-preview:-1"},"canonical":"https:\/\/www.grecotel.com\/luxme-whitepalace\/sustainability\/","og_locale":"en_US","og_type":"article","og_title":"D\u00e9veloppement Durable | LUXME White, Cr\u00e8te","og_description":"Le resort met en place des proc\u00e9dures relatives au lyst\u00e8me de gestion de l\u2019environnement, afin de r\u00e9duire, de minimiser et de g\u00e9rer son impact environnemental.","og_url":"https:\/\/www.grecotel.com\/luxme-whitepalace\/sustainability\/","og_site_name":"White Palace","article_modified_time":"2025-10-02T12:52:43+00:00","og_image":[{"width":3500,"height":1968,"url":"https:\/\/www.grecotel.com\/luxme-whitepalace\/wp-content\/uploads\/sites\/6\/2023\/10\/grecotel-white-palace-luxury-beach-resort-crete-greece.jpg","type":"image\/jpeg"}],"twitter_card":"summary_large_image","twitter_misc":{"Est. reading time":"1 minute"},"schema":{"@context":"https:\/\/schema.org","@graph":[{"@type":"WebPage","@id":"https:\/\/www.grecotel.com\/luxme-whitepalace\/sustainability\/","url":"https:\/\/www.grecotel.com\/luxme-whitepalace\/sustainability\/","name":"D\u00e9veloppement Durable | LUXME White, Cr\u00e8te","isPartOf":{"@id":"https:\/\/www.grecotel.com\/luxme-whitepalace\/#website"},"datePublished":"2024-06-10T10:30:08+00:00","dateModified":"2025-10-02T12:52:43+00:00","description":"Le resort met en place des proc\u00e9dures relatives au lyst\u00e8me de gestion de l\u2019environnement, afin de r\u00e9duire, de minimiser et de g\u00e9rer son impact environnemental.","breadcrumb":{"@id":"https:\/\/www.grecotel.com\/luxme-whitepalace\/sustainability\/#breadcrumb"},"inLanguage":"en-US","potentialAction":[{"@type":"ReadAction","target":["https:\/\/www.grecotel.com\/luxme-whitepalace\/sustainability\/"]}]},{"@type":"BreadcrumbList","@id":"https:\/\/www.grecotel.com\/luxme-whitepalace\/sustainability\/#breadcrumb","itemListElement":[{"@type":"ListItem","position":1,"name":"Home","item":"https:\/\/www.grecotel.com\/luxme-whitepalace\/"},{"@type":"ListItem","position":2,"name":"D\u00c9VELOPPEMENT DURABLE"}]},{"@type":"WebSite","@id":"https:\/\/www.grecotel.com\/luxme-whitepalace\/#website","url":"https:\/\/www.grecotel.com\/luxme-whitepalace\/","name":"White Palace","description":"","potentialAction":[{"@type":"SearchAction","target":{"@type":"EntryPoint","urlTemplate":"https:\/\/www.grecotel.com\/luxme-whitepalace\/?s={search_term_string}"},"query-input":"required name=search_term_string"}],"inLanguage":"en-US"}]}},"lang":false,"translations":{"en":8543},"pll_sync_post":[],"_links":{"self":[{"href":"https:\/\/www.grecotel.com\/luxme-whitepalace\/wp-json\/wp\/v2\/pages\/11240"}],"collection":[{"href":"https:\/\/www.grecotel.com\/luxme-whitepalace\/wp-json\/wp\/v2\/pages"}],"about":[{"href":"https:\/\/www.grecotel.com\/luxme-whitepalace\/wp-json\/wp\/v2\/types\/page"}],"author":[{"embeddable":true,"href":"https:\/\/www.grecotel.com\/luxme-whitepalace\/wp-json\/wp\/v2\/users\/12"}],"replies":[{"embeddable":true,"href":"https:\/\/www.grecotel.com\/luxme-whitepalace\/wp-json\/wp\/v2\/comments?post=11240"}],"version-history":[{"count":19,"href":"https:\/\/www.grecotel.com\/luxme-whitepalace\/wp-json\/wp\/v2\/pages\/11240\/revisions"}],"predecessor-version":[{"id":16024,"href":"https:\/\/www.grecotel.com\/luxme-whitepalace\/wp-json\/wp\/v2\/pages\/11240\/revisions\/16024"}],"wp:featuredmedia":[{"embeddable":true,"href":"https:\/\/www.grecotel.com\/luxme-whitepalace\/wp-json\/wp\/v2\/media\/7520"}],"wp:attachment":[{"href":"https:\/\/www.grecotel.com\/luxme-whitepalace\/wp-json\/wp\/v2\/media?parent=11240"}],"curies":[{"name":"wp","href":"https:\/\/api.w.org\/{rel}","templated":true}]}}